{"id":17231874,"date":"2020-09-10T15:48:13","date_gmt":"2020-09-10T15:48:13","guid":{"rendered":"https:\/\/ambrelia.com\/noticias\/"},"modified":"2025-11-06T09:38:19","modified_gmt":"2025-11-06T09:38:19","slug":"noticias","status":"publish","type":"page","link":"https:\/\/ambrelia.com\/es\/noticias\/","title":{"rendered":"Noticias"},"content":{"rendered":"<p>[et_pb_section fb_built=\u00bb1&#8243; admin_label=\u00bbHero\u00bb _builder_version=\u00bb4.27.2&#8243; background_color=\u00bbrgba(0,0,0,0.39)\u00bb background_image=\u00bbhttps:\/\/ambrelia.com\/wp-content\/uploads\/2024\/10\/sincerely-media-dgxogexaxm8-unsplash.webp\u00bb background_enable_video_mp4=\u00bboff\u00bb custom_margin=\u00bb0px|0px|0px|0px|false|false\u00bb custom_margin_tablet=\u00bb||\u00bb custom_margin_phone=\u00bb\u00bb custom_margin_last_edited=\u00bbon|tablet\u00bb custom_padding=\u00bb8%|0px|8%|0px|true|false\u00bb animation_style=\u00bbzoom\u00bb animation_intensity_zoom=\u00bb4%\u00bb locked=\u00bboff\u00bb global_colors_info=\u00bb{}\u00bb][et_pb_row column_structure=\u00bb1_5,3_5,1_5&#8243; disabled_on=\u00bboff|off|off\u00bb _builder_version=\u00bb4.25.2&#8243; width=\u00bb90%\u00bb max_width=\u00bb90%\u00bb global_colors_info=\u00bb{}\u00bb][et_pb_column type=\u00bb1_5&#8243; _builder_version=\u00bb4.16&#8243; global_colors_info=\u00bb{}\u00bb][\/et_pb_column][et_pb_column type=\u00bb3_5&#8243; _builder_version=\u00bb4.25.2&#8243; background_color=\u00bbrgba(247,247,247,0.6)\u00bb custom_padding=\u00bb50px|50px|50px|50px|true|true\u00bb border_radii=\u00bbon|5px|5px|5px|5px\u00bb global_colors_info=\u00bb{}\u00bb][et_pb_text _builder_version=\u00bb4.27.2&#8243; text_font=\u00bb||||||||\u00bb text_text_color=\u00bb#000C1E\u00bb header_font=\u00bb||||||||\u00bb header_text_align=\u00bbcenter\u00bb header_text_color=\u00bb#1359D3&#8243; header_2_font=\u00bb||||||||\u00bb header_2_text_align=\u00bbleft\u00bb header_2_text_color=\u00bb#FFFFFF\u00bb header_3_font=\u00bb||||||||\u00bb header_3_text_align=\u00bbleft\u00bb header_3_text_color=\u00bb#FFFFFF\u00bb text_orientation=\u00bbcenter\u00bb custom_margin=\u00bb||24px|||\u00bb header_font_size_tablet=\u00bb\u00bb header_font_size_phone=\u00bb20px\u00bb header_font_size_last_edited=\u00bbon|phone\u00bb header_2_font_size_tablet=\u00bb\u00bb header_2_font_size_phone=\u00bb\u00bb header_2_font_size_last_edited=\u00bbon|phone\u00bb header_3_font_size_tablet=\u00bb\u00bb header_3_font_size_phone=\u00bb\u00bb header_3_font_size_last_edited=\u00bbon|desktop\u00bb text_text_align=\u00bbleft\u00bb locked=\u00bboff\u00bb global_colors_info=\u00bb{}\u00bb]<\/p>\n<h1><span>Noticias<\/span><\/h1>\n<p>[\/et_pb_text][et_pb_code _builder_version=\u00bb4.27.4&#8243; _module_preset=\u00bbdefault\u00bb hover_enabled=\u00bb0&#8243; global_colors_info=\u00bb{}\u00bb sticky_enabled=\u00bb0&#8243;]<\/p>\n<div class=\"lang-switcher\"><!-- [et_pb_line_break_holder] -->  <a href=\"https:\/\/ambrelia.com\/fr\/actualites\/\" target=\"_blank\"><!-- [et_pb_line_break_holder] -->    <img decoding=\"async\" src=\"https:\/\/upload.wikimedia.org\/wikipedia\/en\/c\/c3\/Flag_of_France.svg\" alt=\"Fran\u00e7ais\" class=\"lang-flag\"><!-- [et_pb_line_break_holder] -->  <\/a><!-- [et_pb_line_break_holder] -->  <a href=\"https:\/\/ambrelia.com\/en\/blog\/\" target=\"_blank\"><!-- [et_pb_line_break_holder] -->    <img decoding=\"async\" src=\"https:\/\/upload.wikimedia.org\/wikipedia\/en\/a\/ae\/Flag_of_the_United_Kingdom.svg\" alt=\"English\" class=\"lang-flag\"><!-- [et_pb_line_break_holder] -->  <\/a><!-- [et_pb_line_break_holder] -->  <a href=\"https:\/\/ambrelia.com\/es\/noticias\/\" target=\"_blank\"><!-- [et_pb_line_break_holder] -->    <img decoding=\"async\" src=\"https:\/\/upload.wikimedia.org\/wikipedia\/en\/9\/9a\/Flag_of_Spain.svg\" alt=\"Espa\u00f1ol\" class=\"lang-flag\"><!-- [et_pb_line_break_holder] -->  <\/a><!-- [et_pb_line_break_holder] --><\/div>\n<p><!-- [et_pb_line_break_holder] --><!-- [et_pb_line_break_holder] --><\/p>\n<style><!-- [et_pb_line_break_holder] -->.lang-switcher {<!-- [et_pb_line_break_holder] -->  display: flex;<!-- [et_pb_line_break_holder] -->  gap: 10px;<!-- [et_pb_line_break_holder] -->  align-items: center;<!-- [et_pb_line_break_holder] -->}<!-- [et_pb_line_break_holder] --><!-- [et_pb_line_break_holder] -->.lang-flag {<!-- [et_pb_line_break_holder] -->  width: 32px; \/* Taille des drapeaux *\/<!-- [et_pb_line_break_holder] -->  height: auto;<!-- [et_pb_line_break_holder] -->  cursor: pointer;<!-- [et_pb_line_break_holder] -->  transition: transform 0.2s;<!-- [et_pb_line_break_holder] -->}<!-- [et_pb_line_break_holder] --><!-- [et_pb_line_break_holder] -->.lang-flag:hover {<!-- [et_pb_line_break_holder] -->  transform: scale(1.2);<!-- [et_pb_line_break_holder] -->}<!-- [et_pb_line_break_holder] --><\/style>\n<p><!-- [et_pb_line_break_holder] -->[\/et_pb_code][et_pb_text _builder_version=\u00bb4.27.4&#8243; _module_preset=\u00bbdefault\u00bb text_text_color=\u00bb#000C1E\u00bb global_colors_info=\u00bb{}\u00bb]<\/p>\n<p><strong data-start=\"37\" data-end=\"89\">Bienvenido a nuestro espacio de Noticias y Blog.<\/strong><br data-start=\"89\" data-end=\"92\" \/>Aqu\u00ed encontrar\u00e1s art\u00edculos sobre nuestras soluciones de seguros, as\u00ed como sobre la actualidad internacional, las zonas de riesgo y las grandes tendencias en el mundo.<\/p>\n<p>[\/et_pb_text][et_pb_button button_url=\u00bbhttp:\/\/ambrelia.neocamino.fr\/13638-quisiera-ser-contactado-a-para-obtener-mas-informacion?neo_campaign=prise-de-contact-espagnol&#038;neo_medium=click_popup&#038;uuid=dcc7cb25-1257-4d4d-925d-571ea00f3484&#8243; url_new_window=\u00bbon\u00bb button_text=\u00bbM\u00e1s informaci\u00f3n\u00bb button_alignment=\u00bbcenter\u00bb _builder_version=\u00bb4.27.2&#8243; background_layout=\u00bbdark\u00bb custom_margin=\u00bb45px|||||\u00bb global_colors_info=\u00bb{}\u00bb][\/et_pb_button][\/et_pb_column][et_pb_column type=\u00bb1_5&#8243; _builder_version=\u00bb4.16&#8243; global_colors_info=\u00bb{}\u00bb][\/et_pb_column][\/et_pb_row][\/et_pb_section][et_pb_section fb_built=\u00bb1&#8243; _builder_version=\u00bb4.20.0&#8243; _module_preset=\u00bbdefault\u00bb saved_tabs=\u00bball\u00bb global_colors_info=\u00bb{}\u00bb][et_pb_row _builder_version=\u00bb4.20.0&#8243; _module_preset=\u00bbdefault\u00bb global_colors_info=\u00bb{}\u00bb][et_pb_column type=\u00bb4_4&#8243; _builder_version=\u00bb4.20.0&#8243; _module_preset=\u00bbdefault\u00bb global_colors_info=\u00bb{}\u00bb][et_pb_text _builder_version=\u00bb4.27.2&#8243; _module_preset=\u00bbdefault\u00bb global_colors_info=\u00bb{}\u00bb]<\/p>\n<h2>Todos nuestros art\u00edculos<\/h2>\n<p>[\/et_pb_text][et_pb_blog fullwidth=\u00bboff\u00bb show_author=\u00bboff\u00bb show_date=\u00bboff\u00bb show_categories=\u00bboff\u00bb _builder_version=\u00bb4.27.2&#8243; _module_preset=\u00bbdefault\u00bb border_width_all=\u00bb0px\u00bb box_shadow_style=\u00bbpreset1&#8243; box_shadow_color=\u00bbrgba(0,0,0,0.15)\u00bb global_colors_info=\u00bb{}\u00bb][\/et_pb_blog][\/et_pb_column][\/et_pb_row][\/et_pb_section]<\/p>\n","protected":false},"excerpt":{"rendered":"<p>NoticiasBienvenido a nuestro espacio de Noticias y Blog.Aqu\u00ed encontrar\u00e1s art\u00edculos sobre nuestras soluciones de seguros, as\u00ed como sobre la actualidad internacional, las zonas de riesgo y las grandes tendencias en el mundo.Todos nuestros art\u00edculos<\/p>\n","protected":false},"author":1,"featured_media":0,"parent":0,"menu_order":0,"comment_status":"closed","ping_status":"closed","template":"","meta":{"_et_pb_use_builder":"on","_et_pb_old_content":"","_et_gb_content_width":"","footnotes":""},"dipi_cpt_category":[],"class_list":["post-17231874","page","type-page","status-publish","hentry"],"yoast_head":"<!-- This site is optimized with the Yoast SEO plugin v27.3 - https:\/\/yoast.com\/product\/yoast-seo-wordpress\/ -->\n<title>Noticias - Ambrelia<\/title>\n<meta name=\"description\" content=\"Descubre nuestros art\u00edculos sobre seguros internacionales, movilidad global y protecci\u00f3n de personas en misi\u00f3n. Noticias, consejos y an\u00e1lisis para profesionales en movimiento.\" \/>\n<meta name=\"robots\" content=\"index, follow, max-snippet:-1, max-image-preview:large, max-video-preview:-1\" \/>\n<link rel=\"canonical\" href=\"https:\/\/ambrelia.com\/es\/noticias\/\" \/>\n<meta property=\"og:locale\" content=\"es_ES\" \/>\n<meta property=\"og:type\" content=\"article\" \/>\n<meta property=\"og:title\" content=\"Noticias - Ambrelia\" \/>\n<meta property=\"og:description\" content=\"Descubre nuestros art\u00edculos sobre seguros internacionales, movilidad global y protecci\u00f3n de personas en misi\u00f3n. Noticias, consejos y an\u00e1lisis para profesionales en movimiento.\" \/>\n<meta property=\"og:url\" content=\"https:\/\/ambrelia.com\/es\/noticias\/\" \/>\n<meta property=\"og:site_name\" content=\"Ambrelia\" \/>\n<meta property=\"article:modified_time\" content=\"2025-11-06T09:38:19+00:00\" \/>\n<meta property=\"og:image\" content=\"https:\/\/upload.wikimedia.org\/wikipedia\/en\/c\/c3\/Flag_of_France.svg\" \/>\n<meta name=\"twitter:card\" content=\"summary_large_image\" \/>\n<meta name=\"twitter:label1\" content=\"Tiempo de lectura\" \/>\n\t<meta name=\"twitter:data1\" content=\"3 minutos\" \/>\n<script type=\"application\/ld+json\" class=\"yoast-schema-graph\">{\"@context\":\"https:\\\/\\\/schema.org\",\"@graph\":[{\"@type\":\"WebPage\",\"@id\":\"https:\\\/\\\/ambrelia.com\\\/es\\\/noticias\\\/\",\"url\":\"https:\\\/\\\/ambrelia.com\\\/es\\\/noticias\\\/\",\"name\":\"Noticias - Ambrelia\",\"isPartOf\":{\"@id\":\"https:\\\/\\\/ambrelia.com\\\/es\\\/#website\"},\"primaryImageOfPage\":{\"@id\":\"https:\\\/\\\/ambrelia.com\\\/es\\\/noticias\\\/#primaryimage\"},\"image\":{\"@id\":\"https:\\\/\\\/ambrelia.com\\\/es\\\/noticias\\\/#primaryimage\"},\"thumbnailUrl\":\"https:\\\/\\\/upload.wikimedia.org\\\/wikipedia\\\/en\\\/c\\\/c3\\\/Flag_of_France.svg\",\"datePublished\":\"2020-09-10T15:48:13+00:00\",\"dateModified\":\"2025-11-06T09:38:19+00:00\",\"description\":\"Descubre nuestros art\u00edculos sobre seguros internacionales, movilidad global y protecci\u00f3n de personas en misi\u00f3n. Noticias, consejos y an\u00e1lisis para profesionales en movimiento.\",\"breadcrumb\":{\"@id\":\"https:\\\/\\\/ambrelia.com\\\/es\\\/noticias\\\/#breadcrumb\"},\"inLanguage\":\"es\",\"potentialAction\":[{\"@type\":\"ReadAction\",\"target\":[\"https:\\\/\\\/ambrelia.com\\\/es\\\/noticias\\\/\"]}]},{\"@type\":\"ImageObject\",\"inLanguage\":\"es\",\"@id\":\"https:\\\/\\\/ambrelia.com\\\/es\\\/noticias\\\/#primaryimage\",\"url\":\"https:\\\/\\\/upload.wikimedia.org\\\/wikipedia\\\/en\\\/c\\\/c3\\\/Flag_of_France.svg\",\"contentUrl\":\"https:\\\/\\\/upload.wikimedia.org\\\/wikipedia\\\/en\\\/c\\\/c3\\\/Flag_of_France.svg\"},{\"@type\":\"BreadcrumbList\",\"@id\":\"https:\\\/\\\/ambrelia.com\\\/es\\\/noticias\\\/#breadcrumb\",\"itemListElement\":[{\"@type\":\"ListItem\",\"position\":1,\"name\":\"Accueil\",\"item\":\"https:\\\/\\\/ambrelia.com\\\/es\\\/\"},{\"@type\":\"ListItem\",\"position\":2,\"name\":\"Noticias\"}]},{\"@type\":\"WebSite\",\"@id\":\"https:\\\/\\\/ambrelia.com\\\/es\\\/#website\",\"url\":\"https:\\\/\\\/ambrelia.com\\\/es\\\/\",\"name\":\"Ambrelia\",\"description\":\"\",\"potentialAction\":[{\"@type\":\"SearchAction\",\"target\":{\"@type\":\"EntryPoint\",\"urlTemplate\":\"https:\\\/\\\/ambrelia.com\\\/es\\\/?s={search_term_string}\"},\"query-input\":{\"@type\":\"PropertyValueSpecification\",\"valueRequired\":true,\"valueName\":\"search_term_string\"}}],\"inLanguage\":\"es\"}]}<\/script>\n<!-- \/ Yoast SEO plugin. -->","yoast_head_json":{"title":"Noticias - Ambrelia","description":"Descubre nuestros art\u00edculos sobre seguros internacionales, movilidad global y protecci\u00f3n de personas en misi\u00f3n. Noticias, consejos y an\u00e1lisis para profesionales en movimiento.","robots":{"index":"index","follow":"follow","max-snippet":"max-snippet:-1","max-image-preview":"max-image-preview:large","max-video-preview":"max-video-preview:-1"},"canonical":"https:\/\/ambrelia.com\/es\/noticias\/","og_locale":"es_ES","og_type":"article","og_title":"Noticias - Ambrelia","og_description":"Descubre nuestros art\u00edculos sobre seguros internacionales, movilidad global y protecci\u00f3n de personas en misi\u00f3n. Noticias, consejos y an\u00e1lisis para profesionales en movimiento.","og_url":"https:\/\/ambrelia.com\/es\/noticias\/","og_site_name":"Ambrelia","article_modified_time":"2025-11-06T09:38:19+00:00","og_image":[{"url":"https:\/\/upload.wikimedia.org\/wikipedia\/en\/c\/c3\/Flag_of_France.svg","type":"","width":"","height":""}],"twitter_card":"summary_large_image","twitter_misc":{"Tiempo de lectura":"3 minutos"},"schema":{"@context":"https:\/\/schema.org","@graph":[{"@type":"WebPage","@id":"https:\/\/ambrelia.com\/es\/noticias\/","url":"https:\/\/ambrelia.com\/es\/noticias\/","name":"Noticias - Ambrelia","isPartOf":{"@id":"https:\/\/ambrelia.com\/es\/#website"},"primaryImageOfPage":{"@id":"https:\/\/ambrelia.com\/es\/noticias\/#primaryimage"},"image":{"@id":"https:\/\/ambrelia.com\/es\/noticias\/#primaryimage"},"thumbnailUrl":"https:\/\/upload.wikimedia.org\/wikipedia\/en\/c\/c3\/Flag_of_France.svg","datePublished":"2020-09-10T15:48:13+00:00","dateModified":"2025-11-06T09:38:19+00:00","description":"Descubre nuestros art\u00edculos sobre seguros internacionales, movilidad global y protecci\u00f3n de personas en misi\u00f3n. Noticias, consejos y an\u00e1lisis para profesionales en movimiento.","breadcrumb":{"@id":"https:\/\/ambrelia.com\/es\/noticias\/#breadcrumb"},"inLanguage":"es","potentialAction":[{"@type":"ReadAction","target":["https:\/\/ambrelia.com\/es\/noticias\/"]}]},{"@type":"ImageObject","inLanguage":"es","@id":"https:\/\/ambrelia.com\/es\/noticias\/#primaryimage","url":"https:\/\/upload.wikimedia.org\/wikipedia\/en\/c\/c3\/Flag_of_France.svg","contentUrl":"https:\/\/upload.wikimedia.org\/wikipedia\/en\/c\/c3\/Flag_of_France.svg"},{"@type":"BreadcrumbList","@id":"https:\/\/ambrelia.com\/es\/noticias\/#breadcrumb","itemListElement":[{"@type":"ListItem","position":1,"name":"Accueil","item":"https:\/\/ambrelia.com\/es\/"},{"@type":"ListItem","position":2,"name":"Noticias"}]},{"@type":"WebSite","@id":"https:\/\/ambrelia.com\/es\/#website","url":"https:\/\/ambrelia.com\/es\/","name":"Ambrelia","description":"","potentialAction":[{"@type":"SearchAction","target":{"@type":"EntryPoint","urlTemplate":"https:\/\/ambrelia.com\/es\/?s={search_term_string}"},"query-input":{"@type":"PropertyValueSpecification","valueRequired":true,"valueName":"search_term_string"}}],"inLanguage":"es"}]}},"_links":{"self":[{"href":"https:\/\/ambrelia.com\/es\/wp-json\/wp\/v2\/pages\/17231874","targetHints":{"allow":["GET"]}}],"collection":[{"href":"https:\/\/ambrelia.com\/es\/wp-json\/wp\/v2\/pages"}],"about":[{"href":"https:\/\/ambrelia.com\/es\/wp-json\/wp\/v2\/types\/page"}],"author":[{"embeddable":true,"href":"https:\/\/ambrelia.com\/es\/wp-json\/wp\/v2\/users\/1"}],"replies":[{"embeddable":true,"href":"https:\/\/ambrelia.com\/es\/wp-json\/wp\/v2\/comments?post=17231874"}],"version-history":[{"count":25,"href":"https:\/\/ambrelia.com\/es\/wp-json\/wp\/v2\/pages\/17231874\/revisions"}],"predecessor-version":[{"id":17233023,"href":"https:\/\/ambrelia.com\/es\/wp-json\/wp\/v2\/pages\/17231874\/revisions\/17233023"}],"wp:attachment":[{"href":"https:\/\/ambrelia.com\/es\/wp-json\/wp\/v2\/media?parent=17231874"}],"wp:term":[{"taxonomy":"dipi_cpt_category","embeddable":true,"href":"https:\/\/ambrelia.com\/es\/wp-json\/wp\/v2\/dipi_cpt_category?post=17231874"}],"curies":[{"name":"wp","href":"https:\/\/api.w.org\/{rel}","templated":true}]}}